{"id":8,"date":"2026-04-29T08:40:07","date_gmt":"2026-04-29T08:40:07","guid":{"rendered":"https:\/\/www.staaendejagthunde.dk\/?page_id=8"},"modified":"2026-04-29T10:36:52","modified_gmt":"2026-04-29T10:36:52","slug":"forside","status":"publish","type":"page","link":"https:\/\/www.staaendejagthunde.dk\/","title":{"rendered":""},"content":{"rendered":"\n<h2 class=\"wp-block-heading has-text-align-center\">Et f\u00e6llesskab for dig med interesse for st\u00e5ende jagthunde<\/h2>\n\n\n\n<p class=\"has-text-align-center\"><strong>Vi deler viden, erfaringer og hj\u00e6lper hinanden videre \u2013 i tr\u00e6ning, pr\u00f8ver og jagt.<br>Klik p\u00e5 knappen herunder og kom med i f\u00e6llesskabet:<\/strong><\/p>\n\n\n\n<div class=\"wp-block-buttons is-content-justification-center is-layout-flex wp-container-core-buttons-is-layout-16018d1d wp-block-buttons-is-layout-flex\">\n<div class=\"wp-block-button\"><a class=\"wp-block-button__link has-theme-palette-9-color has-theme-palette-13-background-color has-text-color has-background has-link-color has-medium-font-size has-custom-font-size wp-element-button\" href=\"https:\/\/spond.com\/invite\/HBKWX\">\ud83d\udc49 <strong>Bliv en del af f\u00e6llesskabet<\/strong><\/a><\/div>\n<\/div>\n\n\n\n<p class=\"has-text-align-center\"><strong>Du kan ogs\u00e5 scanne QR-koden med din telefon:<\/strong><\/p>\n\n\n<div class=\"wp-block-image\">\n<figure class=\"aligncenter size-full\"><img loading=\"lazy\" decoding=\"async\" width=\"450\" height=\"450\" src=\"https:\/\/www.staaendejagthunde.dk\/wp-content\/uploads\/2026\/04\/qrcode_spond.com_.png\" alt=\"\" class=\"wp-image-12\" srcset=\"https:\/\/www.staaendejagthunde.dk\/wp-content\/uploads\/2026\/04\/qrcode_spond.com_.png 450w, https:\/\/www.staaendejagthunde.dk\/wp-content\/uploads\/2026\/04\/qrcode_spond.com_-300x300.png 300w, https:\/\/www.staaendejagthunde.dk\/wp-content\/uploads\/2026\/04\/qrcode_spond.com_-150x150.png 150w\" sizes=\"auto, (max-width: 450px) 100vw, 450px\" \/><\/figure>\n<\/div>\n\n\n<p><\/p>\n","protected":false},"excerpt":{"rendered":"<p>Et f\u00e6llesskab for dig med interesse for st\u00e5ende jagthunde Vi deler viden, erfaringer og hj\u00e6lper hinanden videre \u2013 i tr\u00e6ning, pr\u00f8ver og jagt.Klik p\u00e5 knappen herunder og kom med i f\u00e6llesskabet: Du kan ogs\u00e5 scanne QR-koden med din telefon:<\/p>\n","protected":false},"author":1,"featured_media":0,"parent":0,"menu_order":0,"comment_status":"closed","ping_status":"closed","template":"","meta":{"_kad_post_transparent":"","_kad_post_title":"","_kad_post_layout":"","_kad_post_sidebar_id":"","_kad_post_content_style":"","_kad_post_vertical_padding":"","_kad_post_feature":"","_kad_post_feature_position":"","_kad_post_header":false,"_kad_post_footer":false,"_kad_post_classname":"","footnotes":""},"class_list":["post-8","page","type-page","status-publish","hentry"],"_links":{"self":[{"href":"https:\/\/www.staaendejagthunde.dk\/index.php?rest_route=\/wp\/v2\/pages\/8","targetHints":{"allow":["GET"]}}],"collection":[{"href":"https:\/\/www.staaendejagthunde.dk\/index.php?rest_route=\/wp\/v2\/pages"}],"about":[{"href":"https:\/\/www.staaendejagthunde.dk\/index.php?rest_route=\/wp\/v2\/types\/page"}],"author":[{"embeddable":true,"href":"https:\/\/www.staaendejagthunde.dk\/index.php?rest_route=\/wp\/v2\/users\/1"}],"replies":[{"embeddable":true,"href":"https:\/\/www.staaendejagthunde.dk\/index.php?rest_route=%2Fwp%2Fv2%2Fcomments&post=8"}],"version-history":[{"count":5,"href":"https:\/\/www.staaendejagthunde.dk\/index.php?rest_route=\/wp\/v2\/pages\/8\/revisions"}],"predecessor-version":[{"id":14,"href":"https:\/\/www.staaendejagthunde.dk\/index.php?rest_route=\/wp\/v2\/pages\/8\/revisions\/14"}],"wp:attachment":[{"href":"https:\/\/www.staaendejagthunde.dk\/index.php?rest_route=%2Fwp%2Fv2%2Fmedia&parent=8"}],"curies":[{"name":"wp","href":"https:\/\/api.w.org\/{rel}","templated":true}]}}